{"id":19,"date":"2019-05-29T21:42:49","date_gmt":"2019-05-29T19:42:49","guid":{"rendered":"http:\/\/tortugascayolargo.com\/?page_id=19"},"modified":"2020-08-21T17:22:17","modified_gmt":"2020-08-21T15:22:17","slug":"blog","status":"publish","type":"page","link":"https:\/\/tortugas-cayolargo.com\/de\/talleres-educacion-ambiental\/blog","title":{"rendered":"Blog"},"content":{"rendered":"<div data-elementor-type=\"wp-post\" data-elementor-id=\"19\" class=\"elementor elementor-19\" data-elementor-post-type=\"page\">\n\t\t\t\t\t\t<section class=\"elementor-section elementor-top-section elementor-element elementor-element-6476a3b elementor-section-boxed elementor-section-height-default elementor-section-height-default\" data-id=\"6476a3b\" data-element_type=\"section\">\n\t\t\t\t\t\t<div class=\"elementor-container elementor-column-gap-no\">\n\t\t\t\t\t<div class=\"elementor-column elementor-col-100 elementor-top-column elementor-element elementor-element-47029b4\" data-id=\"47029b4\" data-element_type=\"column\">\n\t\t\t<div class=\"elementor-widget-wrap elementor-element-populated\">\n\t\t\t\t\t\t<div class=\"elementor-element elementor-element-3bdb681 elementor-grid-1 elementor-posts--thumbnail-left elementor-posts--align-left elementor-grid-tablet-2 elementor-grid-mobile-1 elementor-widget elementor-widget-posts\" data-id=\"3bdb681\" data-element_type=\"widget\" data-settings=\"{&quot;classic_columns&quot;:&quot;1&quot;,&quot;pagination_type&quot;:&quot;numbers&quot;,&quot;classic_row_gap&quot;:{&quot;unit&quot;:&quot;px&quot;,&quot;size&quot;:0,&quot;sizes&quot;:[]},&quot;classic_columns_tablet&quot;:&quot;2&quot;,&quot;classic_columns_mobile&quot;:&quot;1&quot;,&quot;classic_row_gap_tablet&quot;:{&quot;unit&quot;:&quot;px&quot;,&quot;size&quot;:&quot;&quot;,&quot;sizes&quot;:[]},&quot;classic_row_gap_mobile&quot;:{&quot;unit&quot;:&quot;px&quot;,&quot;size&quot;:&quot;&quot;,&quot;sizes&quot;:[]}}\" data-widget_type=\"posts.classic\">\n\t\t\t\t<div class=\"elementor-widget-container\">\n\t\t\t\t\t<div class=\"elementor-posts-container elementor-posts elementor-posts--skin-classic elementor-grid\">\n\t\t\t\t<article class=\"elementor-post elementor-grid-item post-2356 post type-post status-publish format-standard hentry category-blog\">\n\t\t\t\t<div class=\"elementor-post__text\">\n\t\t\t\t<h3 class=\"elementor-post__title\">\n\t\t\t<a href=\"https:\/\/tortugas-cayolargo.com\/de\/inicia-temporada-de-desove-2021-tortugas-cayo-largocuba\" >\n\t\t\t\tInicia temporada de desove 2021. Tortugas Cayo Largo,Cuba.\t\t\t<\/a>\n\t\t<\/h3>\n\t\t\t\t<div class=\"elementor-post__meta-data\">\n\t\t\t\t\t<span class=\"elementor-post-date\">\n\t\t\tMai 9, 2021\t\t<\/span>\n\t\t\t\t<\/div>\n\t\t\t\t<div class=\"elementor-post__excerpt\">\n\t\t\t<p>Se identifican y rescatan los tres primeros nidos de tortugas marinas en las playas de Cayo Largo del Sur y con ellos se concibe el Inicio de la Presente Temporada de Desove 2021 en la mencionada isla. En Cayo Largo existe una instalaci\u00f3n o \u00e1rea denominada \u00abCentro de Rescate de<\/p>\n\t\t<\/div>\n\t\t\t\t<\/div>\n\t\t\t\t<\/article>\n\t\t\t\t<article class=\"elementor-post elementor-grid-item post-2314 post type-post status-publish format-standard hentry category-blog\">\n\t\t\t\t<div class=\"elementor-post__text\">\n\t\t\t\t<h3 class=\"elementor-post__title\">\n\t\t\t<a href=\"https:\/\/tortugas-cayolargo.com\/de\/tortugas-cayo-largo-resumen-temporada-2020-con-aires-de-la-nueva-temporada-2021\" >\n\t\t\t\tTortugas Cayo Largo. Resumen temporada 2020 con aires de la nueva temporada 2021.\t\t\t<\/a>\n\t\t<\/h3>\n\t\t\t\t<div class=\"elementor-post__meta-data\">\n\t\t\t\t\t<span class=\"elementor-post-date\">\n\t\t\tApril 28, 2021\t\t<\/span>\n\t\t\t\t<\/div>\n\t\t\t\t<div class=\"elementor-post__excerpt\">\n\t\t\t<p>Baten los vientos de abril 2021 y con ellos llegaran las primeras tortugas marinas para depositar sus huevos en las c\u00e1lidas arenas de las playas del Archipi\u00e9lago de los Canarreos\u00a0 y en particular en las\u00a0 playas de Cayo Largo del Sur, la mayor isla de esta regi\u00f3n geogr\u00e1fica al sur<\/p>\n\t\t<\/div>\n\t\t\t\t<\/div>\n\t\t\t\t<\/article>\n\t\t\t\t<article class=\"elementor-post elementor-grid-item post-2255 post type-post status-publish format-standard hentry category-blog\">\n\t\t\t\t<div class=\"elementor-post__text\">\n\t\t\t\t<h3 class=\"elementor-post__title\">\n\t\t\t<a href=\"https:\/\/tortugas-cayolargo.com\/de\/asisten-y-rehabilitan-tortuga-caguama-liberada-desde-cayo-largo-del-surcuba\" >\n\t\t\t\tAsisten y rehabilitan tortuga caguama liberada desde Cayo Largo del Sur,Cuba\t\t\t<\/a>\n\t\t<\/h3>\n\t\t\t\t<div class=\"elementor-post__meta-data\">\n\t\t\t\t\t<span class=\"elementor-post-date\">\n\t\t\tDezember 27, 2020\t\t<\/span>\n\t\t\t\t<\/div>\n\t\t\t\t<div class=\"elementor-post__excerpt\">\n\t\t\t<p>Asisten, rehabilitan y liberan juvenil tortuga marina procedente del \u00abCentro de Rescate de Tortugas Marinas\u00bb Cayo Largo del Sur ,Cuba. Sus rescatistas de MOTE Marine Laboratory FL.,le otorgaron el nombre de Mango. Se trata de un juvenil de tortuga caguama (Caretta caretta) que naci\u00f3 y permaneci\u00f3 por cerca de de<\/p>\n\t\t<\/div>\n\t\t\t\t<\/div>\n\t\t\t\t<\/article>\n\t\t\t\t<article class=\"elementor-post elementor-grid-item post-2179 post type-post status-publish format-standard hentry category-blog tag-anidan-tortugas-marinas tag-cayolargo tag-cayolargocuba tag-tortugas-marinas\">\n\t\t\t\t<div class=\"elementor-post__text\">\n\t\t\t\t<h3 class=\"elementor-post__title\">\n\t\t\t<a href=\"https:\/\/tortugas-cayolargo.com\/de\/tortugas-cayo-largo-resumen-mes-mayo-2020\" >\n\t\t\t\tTortugas Cayo Largo. Resumen mes mayo 2020.\t\t\t<\/a>\n\t\t<\/h3>\n\t\t\t\t<div class=\"elementor-post__meta-data\">\n\t\t\t\t\t<span class=\"elementor-post-date\">\n\t\t\tAugust 10, 2020\t\t<\/span>\n\t\t\t\t<\/div>\n\t\t\t\t<div class=\"elementor-post__excerpt\">\n\t\t\t<p>El mes de mayo 2020 se caracteriz\u00f3 en la regi\u00f3n de Cayo Largo del Sur por ser un mes lluvioso, con mucho viento y fuertes marejadas que propician la degradaci\u00f3n o erosi\u00f3n de las playas con mucha facilidad.\u00a0Tema este que afecta sensiblemente a las tortugas marinas en sus periodos reproductivos.\u00a0<\/p>\n\t\t<\/div>\n\t\t\t\t<\/div>\n\t\t\t\t<\/article>\n\t\t\t\t<article class=\"elementor-post elementor-grid-item post-2175 post type-post status-publish format-standard hentry category-blog tag-anidaciontortugasmarinas tag-cayolargocuba tag-centro-de-tortugas-cayo-largo tag-chelonia-mydas tag-desovan-tortugas-marinas tag-desove-de-tortugas-marinas tag-tortuga-verde\">\n\t\t\t\t<div class=\"elementor-post__text\">\n\t\t\t\t<h3 class=\"elementor-post__title\">\n\t\t\t<a href=\"https:\/\/tortugas-cayolargo.com\/de\/tortugas-cayo-largo-primer-nido-de-tortuga-verde-temporada-2020\" >\n\t\t\t\tTortugas Cayo Largo. Primer nido de tortuga verde, temporada 2020.\t\t\t<\/a>\n\t\t<\/h3>\n\t\t\t\t<div class=\"elementor-post__meta-data\">\n\t\t\t\t\t<span class=\"elementor-post-date\">\n\t\t\tAugust 10, 2020\t\t<\/span>\n\t\t\t\t<\/div>\n\t\t\t\t<div class=\"elementor-post__excerpt\">\n\t\t\t<p>\u00a0 \u00a0 \u00a0 \u00a0 \u00a0 \u00a0 \u00a0 Centro de Rescate de Tortugas Marinas. Cayo Largo del Sur,Cuba. \u00a0 \u00a0 \u00a0 \u00a0 \u00a0 \u00a0 Vista parcial del Centro Rescate de Tortugas Marinas. Cayo Largo del Sur. Cuba.\u00a0 \u00a0 \u00a0 \u00a0 Foto: Gonzalo Nodarse Andreu. Ya fue identificado y recolectado el primer<\/p>\n\t\t<\/div>\n\t\t\t\t<\/div>\n\t\t\t\t<\/article>\n\t\t\t\t<article class=\"elementor-post elementor-grid-item post-2167 post type-post status-publish format-standard hentry category-blog tag-caretta-caretta tag-centro-de-tortugas-cayo-largo tag-cuba tag-nidos-de-tortugas-marinas tag-tortuga-caguama tag-tortugas-cayo-largo tag-tortugas-cayo-largo-cuba tag-tortugas-marinas\">\n\t\t\t\t<div class=\"elementor-post__text\">\n\t\t\t\t<h3 class=\"elementor-post__title\">\n\t\t\t<a href=\"https:\/\/tortugas-cayolargo.com\/de\/comenzo-la-temporada-de-desove-2020-cayo-largo-cuba-usted-puede-participar-y-cooperar\" >\n\t\t\t\tTortugas Cayo Largo. Da comienzo la temporada de desove 2020\t\t\t<\/a>\n\t\t<\/h3>\n\t\t\t\t<div class=\"elementor-post__meta-data\">\n\t\t\t\t\t<span class=\"elementor-post-date\">\n\t\t\tAugust 10, 2020\t\t<\/span>\n\t\t\t\t<\/div>\n\t\t\t\t<div class=\"elementor-post__excerpt\">\n\t\t\t<p>Ha comenzado la temporada de desove de las tortugas marinas en Cayo Largo, Cuba. En la ultimas dos semanas del mes de abril fueron identificados algo m\u00e1s 15 rastros de reconocimiento de tortuga marina de tipo (Caretta caretta) nombrado nacionalmente caguama. El primer nido identificado para esta temporada 2020 ocurri\u00f3<\/p>\n\t\t<\/div>\n\t\t\t\t<\/div>\n\t\t\t\t<\/article>\n\t\t\t\t<article class=\"elementor-post elementor-grid-item post-2160 post type-post status-publish format-standard hentry category-blog tag-albinismo tag-anidacion tag-cayolargodelsur tag-centro-de-tortugas-cayo-largo tag-chelonia-mydas tag-cuba tag-desove-de-tortugas-marinas tag-tortugas-albinas tag-tortugas-marinas tag-tortugas-verdes\">\n\t\t\t\t<div class=\"elementor-post__text\">\n\t\t\t\t<h3 class=\"elementor-post__title\">\n\t\t\t<a href=\"https:\/\/tortugas-cayolargo.com\/de\/evolucion-tortugasmarinasalbinas-cayo-largo-cuba-centro-de-tortugas-marinas\" >\n\t\t\t\tTortugas Cayo Largo. Evoluci\u00f3n de las tortugas marinas albinas.\t\t\t<\/a>\n\t\t<\/h3>\n\t\t\t\t<div class=\"elementor-post__meta-data\">\n\t\t\t\t\t<span class=\"elementor-post-date\">\n\t\t\tAugust 10, 2020\t\t<\/span>\n\t\t\t\t<\/div>\n\t\t\t\t<div class=\"elementor-post__excerpt\">\n\t\t\t<p>En julio del 2019 reportamos acerca del nacimiento masivo de tortugas marinas albinas en el el \u00abCentro de Rescate de Tortugas Marinas\u00bb en Cayo Largo del Sur, Cuba. Hoy queremos refrescar y actualizar esta informaci\u00f3n agregando fotos y v\u00eddeo clip donde podemos apreciar la evoluci\u00f3n de las mismas. Se trat\u00f3<\/p>\n\t\t<\/div>\n\t\t\t\t<\/div>\n\t\t\t\t<\/article>\n\t\t\t\t<article class=\"elementor-post elementor-grid-item post-2164 post type-post status-publish format-standard hentry category-blog tag-barrera-coralina tag-cayo-largo-del-sur tag-cayolargo tag-playas-de-cuba tag-tortuga-caguama tag-tortuga-verde tag-tortugas-marinas\">\n\t\t\t\t<div class=\"elementor-post__text\">\n\t\t\t\t<h3 class=\"elementor-post__title\">\n\t\t\t<a href=\"https:\/\/tortugas-cayolargo.com\/de\/tortugas-cayo-largo-liberacion-de-juveniles-de-tortugas-marinas\" >\n\t\t\t\tTortugas Cayo Largo. Liberaci\u00f3n de juveniles de tortugas marinas.\t\t\t<\/a>\n\t\t<\/h3>\n\t\t\t\t<div class=\"elementor-post__meta-data\">\n\t\t\t\t\t<span class=\"elementor-post-date\">\n\t\t\tAugust 10, 2020\t\t<\/span>\n\t\t\t\t<\/div>\n\t\t\t\t<div class=\"elementor-post__excerpt\">\n\t\t\t<p>Queremos compartir en este momento video clips testimonios de trabajo del Centro de Rescate de Tortugas Marinas\u00bb de Cayo Largo del Sur,Cuba. Se trata de la liberaci\u00f3n al mar, a su ambiente natural de un grupo de 27 juveniles de\u00a0 tortugas marinas de tipo verde (Chelonia mydas) que nacieron en<\/p>\n\t\t<\/div>\n\t\t\t\t<\/div>\n\t\t\t\t<\/article>\n\t\t\t\t<article class=\"elementor-post elementor-grid-item post-2153 post type-post status-publish format-standard hentry category-blog tag-anidaciontortugasmarinas tag-cayolargocuba tag-centrotortugascayolargo tag-desovetortugasmarinas tag-playasdecuba tag-tortugascayolargo tag-tortugasmarinas tag-tortugasmarinascaribe tag-tortugasmarinascuba\">\n\t\t\t\t<div class=\"elementor-post__text\">\n\t\t\t\t<h3 class=\"elementor-post__title\">\n\t\t\t<a href=\"https:\/\/tortugas-cayolargo.com\/de\/resumen-de-la-temporada-2019-tortugas-marinas-cayo-largo\" >\n\t\t\t\tResumen de la temporada 2019. Tortugas marinas Cayo Largo.\t\t\t<\/a>\n\t\t<\/h3>\n\t\t\t\t<div class=\"elementor-post__meta-data\">\n\t\t\t\t\t<span class=\"elementor-post-date\">\n\t\t\tAugust 10, 2020\t\t<\/span>\n\t\t\t\t<\/div>\n\t\t\t\t<div class=\"elementor-post__excerpt\">\n\t\t\t<p>Resumen de la temporada 2019.\u00bbCentro de Rescate de Tortugas Marinas\u00bb Cayo Largo, Cuba. \u00a0 \u00a0 \u00a0 \u00a0 \u00a0 Vista interior del \u00abCentro de Rescate de Tortugas Marinas\u00bbCayo Largo del Sur.Cuba. Foto:Octavio Avila L\u00f3pez. La temporada de anidaci\u00f3n\u00a0de las tortugas marinas\u00a02019 en Cayo largo del Sur. Cuba, di\u00f3 inicio a mediados<\/p>\n\t\t<\/div>\n\t\t\t\t<\/div>\n\t\t\t\t<\/article>\n\t\t\t\t<article class=\"elementor-post elementor-grid-item post-2150 post type-post status-publish format-standard hentry category-blog\">\n\t\t\t\t<div class=\"elementor-post__text\">\n\t\t\t\t<h3 class=\"elementor-post__title\">\n\t\t\t<a href=\"https:\/\/tortugas-cayolargo.com\/de\/tortugas-cayo-largo-informacion-preliminar-de-la-temporada-2019\" >\n\t\t\t\tTortugas Cayo Largo.Informaci\u00f3n preliminar de la temporada 2019.\t\t\t<\/a>\n\t\t<\/h3>\n\t\t\t\t<div class=\"elementor-post__meta-data\">\n\t\t\t\t\t<span class=\"elementor-post-date\">\n\t\t\tAugust 10, 2020\t\t<\/span>\n\t\t\t\t<\/div>\n\t\t\t\t<div class=\"elementor-post__excerpt\">\n\t\t\t<p>Con esta nota brindamos una informaci\u00f3n preliminar antes del cierre de temporada 2019 en lo respecta al trabajo en el Centro de Rescate de Tortugas Marinas de Cayo Largo, Cuba. Durante la temporada se lograron trasladar 24 nidos de tortuga caguama (Caretta caretta) y 162 nidos de tortuga verde (Chelonia<\/p>\n\t\t<\/div>\n\t\t\t\t<\/div>\n\t\t\t\t<\/article>\n\t\t\t\t<article class=\"elementor-post elementor-grid-item post-2136 post type-post status-publish format-standard hentry category-blog tag-cayo-largo-cuba tag-cayolargo tag-tortugas-marinas tag-tortugas-marinas-albinas\">\n\t\t\t\t<div class=\"elementor-post__text\">\n\t\t\t\t<h3 class=\"elementor-post__title\">\n\t\t\t<a href=\"https:\/\/tortugas-cayolargo.com\/de\/nacen-tortugas-marinas-albinas-cayo-largo-julio-2019\" >\n\t\t\t\tNacimiento masivo de tortugas albinas.Tortugas Cayo Largo.Julio 2019\t\t\t<\/a>\n\t\t<\/h3>\n\t\t\t\t<div class=\"elementor-post__meta-data\">\n\t\t\t\t\t<span class=\"elementor-post-date\">\n\t\t\tJuni 6, 2020\t\t<\/span>\n\t\t\t\t<\/div>\n\t\t\t\t<div class=\"elementor-post__excerpt\">\n\t\t\t<p>&nbsp; Se reporta el nacimientos masivo de ejemplares de tortugas marinas albinas, se trata de neonatos de las especie tortuga verde (Chelonia mydas) Este suceso ha tenido lugar en el \u00abCentro de Rescate de Tortugas Marinas\u00bb Cayo Largo del Sur, Cuba. Lugar donde con anterioridad desde 1993 se han registrado<\/p>\n\t\t<\/div>\n\t\t\t\t<\/div>\n\t\t\t\t<\/article>\n\t\t\t\t<article class=\"elementor-post elementor-grid-item post-37 post type-post status-publish format-standard hentry category-blog tag-area-de-incubacion tag-caretta-caretta tag-cayo-largo tag-chelonia-mydas tag-cuba tag-desove-de-tortugas-marinas tag-huevos-de-tortugas-marinas tag-nido-tortuga-marina tag-rescate-de-tortugas-marinas tag-tortugas-marinas\">\n\t\t\t\t<div class=\"elementor-post__text\">\n\t\t\t\t<h3 class=\"elementor-post__title\">\n\t\t\t<a href=\"https:\/\/tortugas-cayolargo.com\/de\/inicio-temporada-de-desove-2019tortugas\" >\n\t\t\t\tInici\u00f3 temporada de desove 2019.Tortugas Cayo Largo\t\t\t<\/a>\n\t\t<\/h3>\n\t\t\t\t<div class=\"elementor-post__meta-data\">\n\t\t\t\t\t<span class=\"elementor-post-date\">\n\t\t\tApril 21, 2019\t\t<\/span>\n\t\t\t\t<\/div>\n\t\t\t\t<div class=\"elementor-post__excerpt\">\n\t\t\t<p>Inici\u00f3 la temporada de desove de las tortugas marinas en Cayo Largo,Cuba. Como siempre comienza a desovar primeramente a mediados de abril la tortuga caguama (Caretta caretta) y posteriormente a mediados de mayo podemos ver los primeros rastros de reconocimiento y los primeros nidos de tortuga verde (Chelonia mydas). En<\/p>\n\t\t<\/div>\n\t\t\t\t<\/div>\n\t\t\t\t<\/article>\n\t\t\t\t<\/div>\n\t\t\n\t\t\t\t<div class=\"e-load-more-anchor\" data-page=\"1\" data-max-page=\"5\" data-next-page=\"https:\/\/tortugas-cayolargo.com\/de\/wp-json\/wp\/v2\/pages\/19\/page\/2\"><\/div>\n\t\t\t\t<nav class=\"elementor-pagination\" aria-label=\"Paginierung\">\n\t\t\t<span aria-current=\"page\" class=\"page-numbers current\"><span class=\"elementor-screen-only\">Seite<\/span>1<\/span>\n<a class=\"page-numbers\" href=\"https:\/\/tortugas-cayolargo.com\/de\/wp-json\/wp\/v2\/pages\/19\/page\/2\"><span class=\"elementor-screen-only\">Seite<\/span>2<\/a>\n<a class=\"page-numbers\" href=\"https:\/\/tortugas-cayolargo.com\/de\/wp-json\/wp\/v2\/pages\/19\/page\/3\"><span class=\"elementor-screen-only\">Seite<\/span>3<\/a>\n<a class=\"page-numbers\" href=\"https:\/\/tortugas-cayolargo.com\/de\/wp-json\/wp\/v2\/pages\/19\/page\/4\"><span class=\"elementor-screen-only\">Seite<\/span>4<\/a>\n<a class=\"page-numbers\" href=\"https:\/\/tortugas-cayolargo.com\/de\/wp-json\/wp\/v2\/pages\/19\/page\/5\"><span class=\"elementor-screen-only\">Seite<\/span>5<\/a>\t\t<\/nav>\n\t\t\t\t<\/div>\n\t\t\t\t<\/div>\n\t\t\t\t\t<\/div>\n\t\t<\/div>\n\t\t\t\t\t<\/div>\n\t\t<\/section>\n\t\t\t\t<\/div>","protected":false},"excerpt":{"rendered":"","protected":false},"author":1,"featured_media":0,"parent":25,"menu_order":7,"comment_status":"closed","ping_status":"closed","template":"","meta":{"footnotes":""},"yoast_head":"<!-- This site is optimized with the Yoast SEO plugin v22.4 - https:\/\/yoast.com\/wordpress\/plugins\/seo\/ -->\n<title>Blog - Tortugas Cayo Largo<\/title>\n<meta name=\"description\" content=\"blog tortugas cayo largo es un medio de informaci\u00f3n sistem\u00e1tico acerca del trabajo que se realiza a favor de las tortugas marinas.\" \/>\n<meta name=\"robots\" content=\"index, follow, max-snippet:-1, max-image-preview:large, max-video-preview:-1\" \/>\n<link rel=\"canonical\" href=\"https:\/\/tortugas-cayolargo.com\/de\/talleres-educacion-ambiental\/blog\/\" \/>\n<meta property=\"og:locale\" content=\"de_DE\" \/>\n<meta property=\"og:type\" content=\"article\" \/>\n<meta property=\"og:title\" content=\"Blog - Tortugas Cayo Largo\" \/>\n<meta property=\"og:description\" content=\"blog tortugas cayo largo es un medio de informaci\u00f3n sistem\u00e1tico acerca del trabajo que se realiza a favor de las tortugas marinas.\" \/>\n<meta property=\"og:url\" content=\"https:\/\/tortugas-cayolargo.com\/de\/talleres-educacion-ambiental\/blog\/\" \/>\n<meta property=\"og:site_name\" content=\"Tortugas Cayo Largo\" \/>\n<meta property=\"article:modified_time\" content=\"2020-08-21T15:22:17+00:00\" \/>\n<meta name=\"twitter:card\" content=\"summary_large_image\" \/>\n<script type=\"application\/ld+json\" class=\"yoast-schema-graph\">{\"@context\":\"https:\/\/schema.org\",\"@graph\":[{\"@type\":\"WebPage\",\"@id\":\"https:\/\/tortugas-cayolargo.com\/en\/talleres-educacion-ambiental\/blog\",\"url\":\"https:\/\/tortugas-cayolargo.com\/en\/talleres-educacion-ambiental\/blog\",\"name\":\"Blog - Tortugas Cayo Largo\",\"isPartOf\":{\"@id\":\"https:\/\/tortugas-cayolargo.com\/#website\"},\"datePublished\":\"2019-05-29T19:42:49+00:00\",\"dateModified\":\"2020-08-21T15:22:17+00:00\",\"description\":\"blog tortugas cayo largo es un medio de informaci\u00f3n sistem\u00e1tico acerca del trabajo que se realiza a favor de las tortugas marinas.\",\"breadcrumb\":{\"@id\":\"https:\/\/tortugas-cayolargo.com\/en\/talleres-educacion-ambiental\/blog#breadcrumb\"},\"inLanguage\":\"de\",\"potentialAction\":[{\"@type\":\"ReadAction\",\"target\":[\"https:\/\/tortugas-cayolargo.com\/en\/talleres-educacion-ambiental\/blog\"]}]},{\"@type\":\"BreadcrumbList\",\"@id\":\"https:\/\/tortugas-cayolargo.com\/en\/talleres-educacion-ambiental\/blog#breadcrumb\",\"itemListElement\":[{\"@type\":\"ListItem\",\"position\":1,\"name\":\"Startseite\",\"item\":\"https:\/\/tortugas-cayolargo.com\/\"},{\"@type\":\"ListItem\",\"position\":2,\"name\":\"Talleres\",\"item\":\"https:\/\/tortugas-cayolargo.com\/en\/talleres-educacion-ambiental\"},{\"@type\":\"ListItem\",\"position\":3,\"name\":\"Blog\"}]},{\"@type\":\"WebSite\",\"@id\":\"https:\/\/tortugas-cayolargo.com\/#website\",\"url\":\"https:\/\/tortugas-cayolargo.com\/\",\"name\":\"Tortugas Cayo Largo\",\"description\":\"Protecci\u00f3n de las tortugas marinas\",\"publisher\":{\"@id\":\"https:\/\/tortugas-cayolargo.com\/#organization\"},\"potentialAction\":[{\"@type\":\"SearchAction\",\"target\":{\"@type\":\"EntryPoint\",\"urlTemplate\":\"https:\/\/tortugas-cayolargo.com\/?s={search_term_string}\"},\"query-input\":\"required name=search_term_string\"}],\"inLanguage\":\"de\"},{\"@type\":\"Organization\",\"@id\":\"https:\/\/tortugas-cayolargo.com\/#organization\",\"name\":\"Tortugas Cayo Largo\",\"url\":\"https:\/\/tortugas-cayolargo.com\/\",\"logo\":{\"@type\":\"ImageObject\",\"inLanguage\":\"de\",\"@id\":\"https:\/\/tortugas-cayolargo.com\/#\/schema\/logo\/image\/\",\"url\":\"https:\/\/tortugas-cayolargo.com\/wp-content\/uploads\/2019\/08\/logo_ready.png\",\"contentUrl\":\"https:\/\/tortugas-cayolargo.com\/wp-content\/uploads\/2019\/08\/logo_ready.png\",\"width\":500,\"height\":505,\"caption\":\"Tortugas Cayo Largo\"},\"image\":{\"@id\":\"https:\/\/tortugas-cayolargo.com\/#\/schema\/logo\/image\/\"}}]}<\/script>\n<!-- \/ Yoast SEO plugin. -->","yoast_head_json":{"title":"Blog - Tortugas Cayo Largo","description":"blog tortugas cayo largo es un medio de informaci\u00f3n sistem\u00e1tico acerca del trabajo que se realiza a favor de las tortugas marinas.","robots":{"index":"index","follow":"follow","max-snippet":"max-snippet:-1","max-image-preview":"max-image-preview:large","max-video-preview":"max-video-preview:-1"},"canonical":"https:\/\/tortugas-cayolargo.com\/de\/talleres-educacion-ambiental\/blog\/","og_locale":"de_DE","og_type":"article","og_title":"Blog - Tortugas Cayo Largo","og_description":"blog tortugas cayo largo es un medio de informaci\u00f3n sistem\u00e1tico acerca del trabajo que se realiza a favor de las tortugas marinas.","og_url":"https:\/\/tortugas-cayolargo.com\/de\/talleres-educacion-ambiental\/blog\/","og_site_name":"Tortugas Cayo Largo","article_modified_time":"2020-08-21T15:22:17+00:00","twitter_card":"summary_large_image","schema":{"@context":"https:\/\/schema.org","@graph":[{"@type":"WebPage","@id":"https:\/\/tortugas-cayolargo.com\/en\/talleres-educacion-ambiental\/blog","url":"https:\/\/tortugas-cayolargo.com\/en\/talleres-educacion-ambiental\/blog","name":"Blog - Tortugas Cayo Largo","isPartOf":{"@id":"https:\/\/tortugas-cayolargo.com\/#website"},"datePublished":"2019-05-29T19:42:49+00:00","dateModified":"2020-08-21T15:22:17+00:00","description":"blog tortugas cayo largo es un medio de informaci\u00f3n sistem\u00e1tico acerca del trabajo que se realiza a favor de las tortugas marinas.","breadcrumb":{"@id":"https:\/\/tortugas-cayolargo.com\/en\/talleres-educacion-ambiental\/blog#breadcrumb"},"inLanguage":"de","potentialAction":[{"@type":"ReadAction","target":["https:\/\/tortugas-cayolargo.com\/en\/talleres-educacion-ambiental\/blog"]}]},{"@type":"BreadcrumbList","@id":"https:\/\/tortugas-cayolargo.com\/en\/talleres-educacion-ambiental\/blog#breadcrumb","itemListElement":[{"@type":"ListItem","position":1,"name":"Startseite","item":"https:\/\/tortugas-cayolargo.com\/"},{"@type":"ListItem","position":2,"name":"Talleres","item":"https:\/\/tortugas-cayolargo.com\/en\/talleres-educacion-ambiental"},{"@type":"ListItem","position":3,"name":"Blog"}]},{"@type":"WebSite","@id":"https:\/\/tortugas-cayolargo.com\/#website","url":"https:\/\/tortugas-cayolargo.com\/","name":"Tortugas Cayo Largo","description":"Protecci\u00f3n de las tortugas marinas","publisher":{"@id":"https:\/\/tortugas-cayolargo.com\/#organization"},"potentialAction":[{"@type":"SearchAction","target":{"@type":"EntryPoint","urlTemplate":"https:\/\/tortugas-cayolargo.com\/?s={search_term_string}"},"query-input":"required name=search_term_string"}],"inLanguage":"de"},{"@type":"Organization","@id":"https:\/\/tortugas-cayolargo.com\/#organization","name":"Tortugas Cayo Largo","url":"https:\/\/tortugas-cayolargo.com\/","logo":{"@type":"ImageObject","inLanguage":"de","@id":"https:\/\/tortugas-cayolargo.com\/#\/schema\/logo\/image\/","url":"https:\/\/tortugas-cayolargo.com\/wp-content\/uploads\/2019\/08\/logo_ready.png","contentUrl":"https:\/\/tortugas-cayolargo.com\/wp-content\/uploads\/2019\/08\/logo_ready.png","width":500,"height":505,"caption":"Tortugas Cayo Largo"},"image":{"@id":"https:\/\/tortugas-cayolargo.com\/#\/schema\/logo\/image\/"}}]}},"_links":{"self":[{"href":"https:\/\/tortugas-cayolargo.com\/de\/wp-json\/wp\/v2\/pages\/19"}],"collection":[{"href":"https:\/\/tortugas-cayolargo.com\/de\/wp-json\/wp\/v2\/pages"}],"about":[{"href":"https:\/\/tortugas-cayolargo.com\/de\/wp-json\/wp\/v2\/types\/page"}],"author":[{"embeddable":true,"href":"https:\/\/tortugas-cayolargo.com\/de\/wp-json\/wp\/v2\/users\/1"}],"replies":[{"embeddable":true,"href":"https:\/\/tortugas-cayolargo.com\/de\/wp-json\/wp\/v2\/comments?post=19"}],"version-history":[{"count":8,"href":"https:\/\/tortugas-cayolargo.com\/de\/wp-json\/wp\/v2\/pages\/19\/revisions"}],"predecessor-version":[{"id":2210,"href":"https:\/\/tortugas-cayolargo.com\/de\/wp-json\/wp\/v2\/pages\/19\/revisions\/2210"}],"up":[{"embeddable":true,"href":"https:\/\/tortugas-cayolargo.com\/de\/wp-json\/wp\/v2\/pages\/25"}],"wp:attachment":[{"href":"https:\/\/tortugas-cayolargo.com\/de\/wp-json\/wp\/v2\/media?parent=19"}],"curies":[{"name":"wp","href":"https:\/\/api.w.org\/{rel}","templated":true}]}}