{"id":35,"date":"2019-06-03T10:52:32","date_gmt":"2019-06-03T08:52:32","guid":{"rendered":"https:\/\/tortugascayolargo.com\/?page_id=35"},"modified":"2019-09-02T19:20:41","modified_gmt":"2019-09-02T17:20:41","slug":"aviso-legal-archipielago-cuba","status":"publish","type":"page","link":"https:\/\/tortugas-cayolargo.com\/de\/aviso-legal-archipielago-cuba","title":{"rendered":"Impressum"},"content":{"rendered":"<div data-elementor-type=\"wp-post\" data-elementor-id=\"35\" class=\"elementor elementor-35\" data-elementor-post-type=\"page\">\n\t\t\t\t\t\t<section class=\"elementor-section elementor-top-section elementor-element elementor-element-7e0502c elementor-section-boxed elementor-section-height-default elementor-section-height-default\" data-id=\"7e0502c\" data-element_type=\"section\">\n\t\t\t\t\t\t<div class=\"elementor-container elementor-column-gap-no\">\n\t\t\t\t\t<div class=\"elementor-column elementor-col-100 elementor-top-column elementor-element elementor-element-bda597a\" data-id=\"bda597a\" data-element_type=\"column\">\n\t\t\t<div class=\"elementor-widget-wrap elementor-element-populated\">\n\t\t\t\t\t\t<div class=\"elementor-element elementor-element-ea1f205 elementor-widget elementor-widget-text-editor\" data-id=\"ea1f205\" data-element_type=\"widget\" data-widget_type=\"text-editor.default\">\n\t\t\t\t<div class=\"elementor-widget-container\">\n\t\t\t\t\t\t\t<h3>Tortugas Cayo Largo<\/h3><p>Octavio Avila L\u00f3pez<br \/>Klaustaler Str. 24<br \/>10589 Berlin<br \/>Deutschland<\/p><p>Tel.: +49 (0) 176 \/ 459 719 40<br \/>E-Mail: octavio@tortugas-cayolargo.com<\/p>\t\t\t\t\t\t<\/div>\n\t\t\t\t<\/div>\n\t\t\t\t<div class=\"elementor-element elementor-element-eb4c9c0 elementor-widget elementor-widget-text-editor\" data-id=\"eb4c9c0\" data-element_type=\"widget\" data-widget_type=\"text-editor.default\">\n\t\t\t\t<div class=\"elementor-widget-container\">\n\t\t\t\t\t\t\t<h4>Haftungsausschluss<\/h4><p><strong>Haftung f\u00fcr Inhalte<\/strong><br \/>Die Inhalte unserer Seiten wurden mit gr\u00f6\u00dfter Sorgfalt erstellt. F\u00fcr die Richtigkeit, Vollst\u00e4ndigkeit und Aktualit\u00e4t der Inhalte k\u00f6nnen wir jedoch keine Gew\u00e4hr \u00fcbernehmen. Als Diensteanbieter sind wir gem\u00e4\u00df \u00a7 7 Abs.1 TMG f\u00fcr eigene Inhalte auf diesen Seiten nach den allgemeinen Gesetzen verantwortlich. Nach \u00a7\u00a7 8 bis 10 TMG sind wir als Diensteanbieter jedoch nicht verpflichtet, \u00fcbermittelte oder gespeicherte fremde Informationen zu \u00fcberwachen oder nach Umst\u00e4nden zu forschen, die auf eine rechtswidrige T\u00e4tigkeit hinweisen. Verpflichtungen zur Entfernung oder Sperrung der Nutzung von Informationen nach den allgemeinen Gesetzen bleiben hiervon unber\u00fchrt. Eine diesbez\u00fcgliche Haftung ist jedoch erst ab dem Zeitpunkt der Kenntnis einer konkreten Rechtsverletzung m\u00f6glich. Bei Bekanntwerden von entsprechenden Rechtsverletzungen werden wir diese Inhalte umgehend entfernen.<\/p><p><strong>Haftung f\u00fcr Links<\/strong><br \/>Unser Angebot enth\u00e4lt Links zu externen Webseiten Dritter, auf deren Inhalte wir keinen Einfluss haben. Deshalb k\u00f6nnen wir f\u00fcr diese fremden Inhalte auch keine Gew\u00e4hr \u00fcbernehmen. F\u00fcr die Inhalte der verlinkten Seiten ist stets der jeweilige Anbieter oder Betreiber der Seiten verantwortlich. Die verlinkten Seiten wurden zum Zeitpunkt der Verlinkung auf m\u00f6gliche Rechtsverst\u00f6\u00dfe \u00fcberpr\u00fcft. Rechtswidrige Inhalte waren zum Zeitpunkt der Verlinkung nicht erkennbar. Eine permanente inhaltliche Kontrolle der verlinkten Seiten ist jedoch ohne konkrete Anhaltspunkte einer Rechtsverletzung nicht zumutbar. Bei Bekanntwerden von Rechtsverletzungen werden wir derartige Links umgehend entfernen.<\/p><p><strong>Urheberrecht<\/strong><br \/>Die durch die Seitenbetreiber erstellten Inhalte und Werke auf diesen Seiten unterliegen dem deutschen Urheberrecht. Die Vervielf\u00e4ltigung, Bearbeitung, Verbreitung und jede Art der Verwertung au\u00dferhalb der Grenzen des Urheberrechtes bed\u00fcrfen der schriftlichen Zustimmung des jeweiligen Autors bzw. Erstellers. Downloads und Kopien dieser Seite sind nur f\u00fcr den privaten, nicht kommerziellen Gebrauch gestattet. Soweit die Inhalte auf dieser Seite nicht vom Betreiber erstellt wurden, werden die Urheberrechte Dritter beachtet. Insbesondere werden Inhalte Dritter als solche gekennzeichnet. Sollten Sie trotzdem auf eine Urheberrechtsverletzung aufmerksam werden, bitten wir um einen entsprechenden Hinweis. Bei Bekanntwerden von Rechtsverletzungen werden wir derartige Inhalte umgehend entfernen.<\/p>\t\t\t\t\t\t<\/div>\n\t\t\t\t<\/div>\n\t\t\t\t<div class=\"elementor-element elementor-element-e0e18e0 elementor-widget elementor-widget-text-editor\" data-id=\"e0e18e0\" data-element_type=\"widget\" data-widget_type=\"text-editor.default\">\n\t\t\t\t<div class=\"elementor-widget-container\">\n\t\t\t\t\t\t\t<h5>Webdesign &amp; Umsetzung<\/h5><p>Johannes Maier &amp; Adriana Rom\u00e1n<br \/><a href=\"https:\/\/der-homepage-macher.de\/\" target=\"_blank\" rel=\"noopener\">www.der-homepage-macher.de<\/a><\/p>\t\t\t\t\t\t<\/div>\n\t\t\t\t<\/div>\n\t\t\t\t\t<\/div>\n\t\t<\/div>\n\t\t\t\t\t<\/div>\n\t\t<\/section>\n\t\t\t\t<\/div>","protected":false},"excerpt":{"rendered":"<p>Tortugas Cayo Largo Octavio Avila L\u00f3pez Klaustaler Str. 24 10589 Berlin Deutschland Tel.: +49 (0) 176 \/ 459 719 40 E-Mail: octavio@tortugas-cayolargo.com Haftungsausschluss Haftung f\u00fcr Inhalte Die Inhalte unserer Seiten wurden mit gr\u00f6\u00dfter Sorgfalt erstellt. F\u00fcr die Richtigkeit, Vollst\u00e4ndigkeit und Aktualit\u00e4t der Inhalte k\u00f6nnen wir jedoch keine Gew\u00e4hr \u00fcbernehmen. Als Diensteanbieter sind wir gem\u00e4\u00df \u00a7 [&hellip;]<\/p>","protected":false},"author":1,"featured_media":0,"parent":0,"menu_order":22,"comment_status":"closed","ping_status":"closed","template":"","meta":{"footnotes":""},"yoast_head":"<!-- This site is optimized with the Yoast SEO plugin v22.4 - https:\/\/yoast.com\/wordpress\/plugins\/seo\/ -->\n<title>Aviso legal - Tortugas Cayo Largo aviso legal tortugas cayo largo<\/title>\n<meta name=\"description\" content=\"aviso legal del sitio por la protecci\u00f3n de las tortugas marinas en el archipi\u00e9lago de los canarreos cuba, tortugas cayo largo\" \/>\n<meta name=\"robots\" content=\"index, follow, max-snippet:-1, max-image-preview:large, max-video-preview:-1\" \/>\n<link rel=\"canonical\" href=\"https:\/\/tortugas-cayolargo.com\/de\/aviso-legal-archipielago-cuba\/\" \/>\n<meta property=\"og:locale\" content=\"de_DE\" \/>\n<meta property=\"og:type\" content=\"article\" \/>\n<meta property=\"og:title\" content=\"Aviso legal - Tortugas Cayo Largo aviso legal tortugas cayo largo\" \/>\n<meta property=\"og:description\" content=\"aviso legal del sitio por la protecci\u00f3n de las tortugas marinas en el archipi\u00e9lago de los canarreos cuba, tortugas cayo largo\" \/>\n<meta property=\"og:url\" content=\"https:\/\/tortugas-cayolargo.com\/de\/aviso-legal-archipielago-cuba\/\" \/>\n<meta property=\"og:site_name\" content=\"Tortugas Cayo Largo\" \/>\n<meta property=\"article:modified_time\" content=\"2019-09-02T17:20:41+00:00\" \/>\n<meta name=\"twitter:card\" content=\"summary_large_image\" \/>\n<meta name=\"twitter:label1\" content=\"Gesch\u00e4tzte Lesezeit\" \/>\n\t<meta name=\"twitter:data1\" content=\"2\u00a0Minuten\" \/>\n<script type=\"application\/ld+json\" class=\"yoast-schema-graph\">{\"@context\":\"https:\/\/schema.org\",\"@graph\":[{\"@type\":\"WebPage\",\"@id\":\"https:\/\/tortugas-cayolargo.com\/aviso-legal-archipielago-cuba\",\"url\":\"https:\/\/tortugas-cayolargo.com\/aviso-legal-archipielago-cuba\",\"name\":\"Aviso legal - Tortugas Cayo Largo aviso legal tortugas cayo largo\",\"isPartOf\":{\"@id\":\"https:\/\/tortugas-cayolargo.com\/#website\"},\"datePublished\":\"2019-06-03T08:52:32+00:00\",\"dateModified\":\"2019-09-02T17:20:41+00:00\",\"description\":\"aviso legal del sitio por la protecci\u00f3n de las tortugas marinas en el archipi\u00e9lago de los canarreos cuba, tortugas cayo largo\",\"breadcrumb\":{\"@id\":\"https:\/\/tortugas-cayolargo.com\/aviso-legal-archipielago-cuba#breadcrumb\"},\"inLanguage\":\"de\",\"potentialAction\":[{\"@type\":\"ReadAction\",\"target\":[\"https:\/\/tortugas-cayolargo.com\/aviso-legal-archipielago-cuba\"]}]},{\"@type\":\"BreadcrumbList\",\"@id\":\"https:\/\/tortugas-cayolargo.com\/aviso-legal-archipielago-cuba#breadcrumb\",\"itemListElement\":[{\"@type\":\"ListItem\",\"position\":1,\"name\":\"Startseite\",\"item\":\"https:\/\/tortugas-cayolargo.com\/\"},{\"@type\":\"ListItem\",\"position\":2,\"name\":\"Aviso legal\"}]},{\"@type\":\"WebSite\",\"@id\":\"https:\/\/tortugas-cayolargo.com\/#website\",\"url\":\"https:\/\/tortugas-cayolargo.com\/\",\"name\":\"Tortugas Cayo Largo\",\"description\":\"Protecci\u00f3n de las tortugas marinas\",\"publisher\":{\"@id\":\"https:\/\/tortugas-cayolargo.com\/#organization\"},\"potentialAction\":[{\"@type\":\"SearchAction\",\"target\":{\"@type\":\"EntryPoint\",\"urlTemplate\":\"https:\/\/tortugas-cayolargo.com\/?s={search_term_string}\"},\"query-input\":\"required name=search_term_string\"}],\"inLanguage\":\"de\"},{\"@type\":\"Organization\",\"@id\":\"https:\/\/tortugas-cayolargo.com\/#organization\",\"name\":\"Tortugas Cayo Largo\",\"url\":\"https:\/\/tortugas-cayolargo.com\/\",\"logo\":{\"@type\":\"ImageObject\",\"inLanguage\":\"de\",\"@id\":\"https:\/\/tortugas-cayolargo.com\/#\/schema\/logo\/image\/\",\"url\":\"https:\/\/tortugas-cayolargo.com\/wp-content\/uploads\/2019\/08\/logo_ready.png\",\"contentUrl\":\"https:\/\/tortugas-cayolargo.com\/wp-content\/uploads\/2019\/08\/logo_ready.png\",\"width\":500,\"height\":505,\"caption\":\"Tortugas Cayo Largo\"},\"image\":{\"@id\":\"https:\/\/tortugas-cayolargo.com\/#\/schema\/logo\/image\/\"}}]}<\/script>\n<!-- \/ Yoast SEO plugin. -->","yoast_head_json":{"title":"Aviso legal - Tortugas Cayo Largo aviso legal tortugas cayo largo","description":"aviso legal del sitio por la protecci\u00f3n de las tortugas marinas en el archipi\u00e9lago de los canarreos cuba, tortugas cayo largo","robots":{"index":"index","follow":"follow","max-snippet":"max-snippet:-1","max-image-preview":"max-image-preview:large","max-video-preview":"max-video-preview:-1"},"canonical":"https:\/\/tortugas-cayolargo.com\/de\/aviso-legal-archipielago-cuba\/","og_locale":"de_DE","og_type":"article","og_title":"Aviso legal - Tortugas Cayo Largo aviso legal tortugas cayo largo","og_description":"aviso legal del sitio por la protecci\u00f3n de las tortugas marinas en el archipi\u00e9lago de los canarreos cuba, tortugas cayo largo","og_url":"https:\/\/tortugas-cayolargo.com\/de\/aviso-legal-archipielago-cuba\/","og_site_name":"Tortugas Cayo Largo","article_modified_time":"2019-09-02T17:20:41+00:00","twitter_card":"summary_large_image","twitter_misc":{"Gesch\u00e4tzte Lesezeit":"2\u00a0Minuten"},"schema":{"@context":"https:\/\/schema.org","@graph":[{"@type":"WebPage","@id":"https:\/\/tortugas-cayolargo.com\/aviso-legal-archipielago-cuba","url":"https:\/\/tortugas-cayolargo.com\/aviso-legal-archipielago-cuba","name":"Aviso legal - Tortugas Cayo Largo aviso legal tortugas cayo largo","isPartOf":{"@id":"https:\/\/tortugas-cayolargo.com\/#website"},"datePublished":"2019-06-03T08:52:32+00:00","dateModified":"2019-09-02T17:20:41+00:00","description":"aviso legal del sitio por la protecci\u00f3n de las tortugas marinas en el archipi\u00e9lago de los canarreos cuba, tortugas cayo largo","breadcrumb":{"@id":"https:\/\/tortugas-cayolargo.com\/aviso-legal-archipielago-cuba#breadcrumb"},"inLanguage":"de","potentialAction":[{"@type":"ReadAction","target":["https:\/\/tortugas-cayolargo.com\/aviso-legal-archipielago-cuba"]}]},{"@type":"BreadcrumbList","@id":"https:\/\/tortugas-cayolargo.com\/aviso-legal-archipielago-cuba#breadcrumb","itemListElement":[{"@type":"ListItem","position":1,"name":"Startseite","item":"https:\/\/tortugas-cayolargo.com\/"},{"@type":"ListItem","position":2,"name":"Aviso legal"}]},{"@type":"WebSite","@id":"https:\/\/tortugas-cayolargo.com\/#website","url":"https:\/\/tortugas-cayolargo.com\/","name":"Tortugas Cayo Largo","description":"Protecci\u00f3n de las tortugas marinas","publisher":{"@id":"https:\/\/tortugas-cayolargo.com\/#organization"},"potentialAction":[{"@type":"SearchAction","target":{"@type":"EntryPoint","urlTemplate":"https:\/\/tortugas-cayolargo.com\/?s={search_term_string}"},"query-input":"required name=search_term_string"}],"inLanguage":"de"},{"@type":"Organization","@id":"https:\/\/tortugas-cayolargo.com\/#organization","name":"Tortugas Cayo Largo","url":"https:\/\/tortugas-cayolargo.com\/","logo":{"@type":"ImageObject","inLanguage":"de","@id":"https:\/\/tortugas-cayolargo.com\/#\/schema\/logo\/image\/","url":"https:\/\/tortugas-cayolargo.com\/wp-content\/uploads\/2019\/08\/logo_ready.png","contentUrl":"https:\/\/tortugas-cayolargo.com\/wp-content\/uploads\/2019\/08\/logo_ready.png","width":500,"height":505,"caption":"Tortugas Cayo Largo"},"image":{"@id":"https:\/\/tortugas-cayolargo.com\/#\/schema\/logo\/image\/"}}]}},"_links":{"self":[{"href":"https:\/\/tortugas-cayolargo.com\/de\/wp-json\/wp\/v2\/pages\/35"}],"collection":[{"href":"https:\/\/tortugas-cayolargo.com\/de\/wp-json\/wp\/v2\/pages"}],"about":[{"href":"https:\/\/tortugas-cayolargo.com\/de\/wp-json\/wp\/v2\/types\/page"}],"author":[{"embeddable":true,"href":"https:\/\/tortugas-cayolargo.com\/de\/wp-json\/wp\/v2\/users\/1"}],"replies":[{"embeddable":true,"href":"https:\/\/tortugas-cayolargo.com\/de\/wp-json\/wp\/v2\/comments?post=35"}],"version-history":[{"count":9,"href":"https:\/\/tortugas-cayolargo.com\/de\/wp-json\/wp\/v2\/pages\/35\/revisions"}],"predecessor-version":[{"id":1592,"href":"https:\/\/tortugas-cayolargo.com\/de\/wp-json\/wp\/v2\/pages\/35\/revisions\/1592"}],"wp:attachment":[{"href":"https:\/\/tortugas-cayolargo.com\/de\/wp-json\/wp\/v2\/media?parent=35"}],"curies":[{"name":"wp","href":"https:\/\/api.w.org\/{rel}","templated":true}]}}