{"id":33,"date":"2019-06-03T10:52:15","date_gmt":"2019-06-03T08:52:15","guid":{"rendered":"https:\/\/tortugascayolargo.com\/?page_id=33"},"modified":"2019-09-01T20:36:01","modified_gmt":"2019-09-01T18:36:01","slug":"agradecimientos","status":"publish","type":"page","link":"https:\/\/tortugas-cayolargo.com\/en\/proteccion-tortugas-marinas-anidacion-cayo-largo\/agradecimientos","title":{"rendered":"Thanks"},"content":{"rendered":"<div data-elementor-type=\"wp-post\" data-elementor-id=\"33\" class=\"elementor elementor-33\" data-elementor-post-type=\"page\">\n\t\t\t\t\t\t<section class=\"elementor-section elementor-top-section elementor-element elementor-element-3b9f9d7 elementor-section-boxed elementor-section-height-default elementor-section-height-default\" data-id=\"3b9f9d7\" data-element_type=\"section\">\n\t\t\t\t\t\t<div class=\"elementor-container elementor-column-gap-no\">\n\t\t\t\t\t<div class=\"elementor-column elementor-col-100 elementor-top-column elementor-element elementor-element-83f720a\" data-id=\"83f720a\" data-element_type=\"column\">\n\t\t\t<div class=\"elementor-widget-wrap elementor-element-populated\">\n\t\t\t\t\t\t<div class=\"elementor-element elementor-element-ebb3ca0 elementor-widget elementor-widget-text-editor\" data-id=\"ebb3ca0\" data-element_type=\"widget\" data-widget_type=\"text-editor.default\">\n\t\t\t\t<div class=\"elementor-widget-container\">\n\t\t\t\t\t\t\t<p>_Renate Hehr(\u2020) por su esfuerzo de querer apoyarme en este empe\u00f1o de confeccionar esta p\u00e1gina, pero desafortunadamente la naturaleza te separ\u00f3 de nosotros. \u00a1Gracias por siempre!<\/p><p>_A mi esposa, Martina Miethig por su total cooperaci\u00f3n para poder lograr este empe\u00f1o\u00a0<strong><a title=\"www.a-studia.de\" href=\"http:\/\/www.geckostories.com\/\" target=\"_blank\" rel=\"noopener\">www.geckostories.com<\/a><\/strong><\/p><p>_A Hugo Acosta entonces Subdirector en Cayo Largo para el tema de los Recursos Naturales y Tur\u00edsticos, por haberme solicitado como trabajador para la Granja de Las Tortugas.<\/p><p>_A mi ex compa\u00f1ero de trabajo Alexis Cruz, T\u00e9cnico Veterinario que supo\u00a0 compartir conmigo lo que ya hab\u00eda aprendido de las tortugas marinas, muy en particular la manipulaci\u00f3n en cautividad, y por haber establecido una relaci\u00f3n de trabajo con respeto y hermandad entre ambos. \u00a1Gracias mi hermano!.<\/p><p>_A las personas que en su posici\u00f3n de funcionarios administrativos fueron capaces de escucharme y apoyarme en alg\u00fan momento para que yo pudiera realizar mi trabajo y para dar soluci\u00f3n a temas sensibles que atentaban contra las tortugas marinas en Cayo Largo.<\/p><p>_A las Autoridades de Guardafronteras y la Polic\u00eda que permitieron yo realizara mi trabajo de recorridos por las playas, recolecci\u00f3n de huevos de tortugas, al igual que los recorridos por las playas con turistas, actividades estas que no estaban reguladas por autoridad alguna localmente.\u00a0\u00a0<\/p><p>_Al Doctor Jos\u00e9 Ram\u00f3n Cuevas (\u2020), entonces presidente de la ONG Pro Naturaleza de Cuba, por haberme abierto las puertas de su casa en varias ocasiones para escuchar mis preocupaciones referidas al tema de las tortugas marinas al igual que de las Iguanas en Cayo Largo del Sur, muy especialmente por sus consejos.<\/p><p>_A la Doctora Elvira Carrillo (\u2020), entonces jefa del Departamento de Tortugas Marinas del Ministerio de la Pesca en Cuba, la que fue capaz de escuchar mis preocupaciones en cuanto al tema en Cayo Largo del Sur, y por su voluntad de acogerme en aquel respetable grupo de investigadores, facilit\u00e1ndome el contacto con ellos, e invit\u00e1ndome a diferentes eventos de car\u00e1cter nacional e internacional sobre el tema, propiciando as\u00ed que yo expusiera mis experiencias de vincular el turismo y las tortugas en Cuba, igualmente proporcionando que yo ampliara mis conocimientos por esa v\u00eda.<\/p><p>_Al Investigador Titular, Doctor en Ciencias F\u00e9lix Moncada Gavil\u00e1n y al Licenciado Gonzalo Nodarse Andreu del Departamento de Tortugas Marinas en el Ministerio de la Pesca de Cuba, por la cordial atenci\u00f3n que siempre me brindaron, por facilitar que yo recibiera de ustedes conocimiento cient\u00edfico, por la comprensi\u00f3n mutua que entre nosotros se estableci\u00f3, por haber confiado en mi trabajo e informaciones; a Gonzalo en particular por las experiencias vividas en aquellas agotadoras jornadas de playeo que realizamos en Cayo Largo del Sur, para las cuales no ten\u00edamos aseguramiento log\u00edstico alguno. A ustedes por haberme confiado el trabajo de guiar y acompa\u00f1ar al equipo de Mundo Latino durante las filmaciones de ese tan valioso documental de las tortugas marinas en Cuba, en la zona de Cayo Largo. Para ustedes todo mi afecto y respeto.<\/p><p>_A Omelio Borroto y su equipo de filmaci\u00f3n de la Televisi\u00f3n Mundo Latino, por haber confiado en mi experiencia en Cayo Largo del Sur y las tortugas marinas, para la filmaci\u00f3n del Documental \u201cLos enigmas de las tortugas marinas\u201d trabajo que result\u00f3 todo un \u00e9xito, documental muy difundido en las escuelas cubanas.<\/p><p>_A la periodista Grisel P\u00e9rez de la televisi\u00f3n cubana que se interes\u00f3 de forma espont\u00e1nea por nuestro trabajo, realizando un documental muy breve pero que ha servido mucho y ha sido muy bien acogido por todo el pueblo.<\/p><p>_Al Lic. Rub\u00e9n Blanco L\u00f3pez, Representante de la Comisi\u00f3n de Turismo y Medio Ambiente en Cayo Largo del Sur, por haberme apoyado de forma tan decidida en mi esfuerzo para hacer que se le prestara la verdadera atenci\u00f3n al tema de las tortugas marinas en Cayo Largo del Sur, por haberte vinculado tan francamente a mi trabajo, por haberme dejado darte mis conocimientos, por haber trabajado a la par conmigo. Gracias Rub\u00e9n por tu dedicaci\u00f3n posterior una vez que yo decid\u00ed no trabajar m\u00e1s en Cayo Largo, gracias por no haber dejado que este tema quedara en manos de nadie. Gracias por nuestra amistad y hermandad forjada, para ti toda salud y todo \u00e9xito futuro.<\/p><p>_A todos aquellos ex compa\u00f1eros de trabajo que de forma desinteresada en alg\u00fan momento me brindaron su apoyo, ustedes est\u00e1n siempre en mis recuerdos y quedan en esta gran lista inc\u00f3gnitos.<\/p><p>_A los integrantes del Club de Buceo de Cayo Largo del Sur por su siempre\u00a0 cooperaci\u00f3n con comentarios, informaciones aportadas y por la disponibilidad de fotos que en esta p\u00e1gina mostramos.<\/p><p>_A todas aquellas personas que en su condici\u00f3n de turistas confiaron en lo importante del trabajo que est\u00e1bamos realizando, por haber participado con nosotros en las diferentes actividades, como recolecci\u00f3n de huevos, identificaci\u00f3n de nidos, liberaci\u00f3n de las tortuguitas a su medio natural, observaci\u00f3n de desove y marcaje, etc, igualmente a quienes tuvieron la voluntad de realizar alg\u00fan donativo, as\u00ed como a las personas que disponiendo de los medios modernos de la tecnolog\u00eda realizaron promoci\u00f3n internacional a la Granja de las Tortugas de Cayo Largo del Sur, en particular a Lily \u2013 Norman, de Quebec, Canada.<\/p><p>_Para aquellas tuvieron s\u00f3lo la conducta de criticar mi trabajo de bloquearme, para ustedes tambi\u00e9n mis agradecimientos pues s\u00f3lo lograron que yo pusiera m\u00e1s empe\u00f1o en hacer del tema de las tortugas marinas en Cayo Largo del Sur un asunto de importancia nacional e internacional en su vinculaci\u00f3n con el turismo.<\/p><p>\u00a0<\/p>\t\t\t\t\t\t<\/div>\n\t\t\t\t<\/div>\n\t\t\t\t\t<\/div>\n\t\t<\/div>\n\t\t\t\t\t<\/div>\n\t\t<\/section>\n\t\t\t\t<\/div>","protected":false},"excerpt":{"rendered":"<p>_Renate Hehr(\u2020) por su esfuerzo de querer apoyarme en este empe\u00f1o de confeccionar esta p\u00e1gina, pero desafortunadamente la naturaleza te separ\u00f3 de nosotros. \u00a1Gracias por siempre! _A mi esposa, Martina Miethig por su total cooperaci\u00f3n para poder lograr este empe\u00f1o\u00a0www.geckostories.com _A Hugo Acosta entonces Subdirector en Cayo Largo para el tema de los Recursos Naturales [&hellip;]<\/p>","protected":false},"author":1,"featured_media":0,"parent":27,"menu_order":20,"comment_status":"closed","ping_status":"closed","template":"","meta":{"footnotes":""},"yoast_head":"<!-- This site is optimized with the Yoast SEO plugin v22.4 - https:\/\/yoast.com\/wordpress\/plugins\/seo\/ -->\n<title>Agradecimientos - Tortugas Cayo Largo<\/title>\n<meta name=\"description\" content=\"gracias a todas las personas que han apoyado el trabajo que se realiza a favor de las tortugas marinas en tortugas cayo largo.\" \/>\n<meta name=\"robots\" content=\"index, follow, max-snippet:-1, max-image-preview:large, max-video-preview:-1\" \/>\n<link rel=\"canonical\" href=\"https:\/\/tortugas-cayolargo.com\/en\/proteccion-tortugas-marinas-anidacion-cayo-largo\/agradecimientos\" \/>\n<meta property=\"og:locale\" content=\"en_US\" \/>\n<meta property=\"og:type\" content=\"article\" \/>\n<meta property=\"og:title\" content=\"Agradecimientos - Tortugas Cayo Largo\" \/>\n<meta property=\"og:description\" content=\"gracias a todas las personas que han apoyado el trabajo que se realiza a favor de las tortugas marinas en tortugas cayo largo.\" \/>\n<meta property=\"og:url\" content=\"https:\/\/tortugas-cayolargo.com\/en\/proteccion-tortugas-marinas-anidacion-cayo-largo\/agradecimientos\" \/>\n<meta property=\"og:site_name\" content=\"Tortugas Cayo Largo\" \/>\n<meta property=\"article:modified_time\" content=\"2019-09-01T18:36:01+00:00\" \/>\n<meta name=\"twitter:card\" content=\"summary_large_image\" \/>\n<meta name=\"twitter:label1\" content=\"Est. reading time\" \/>\n\t<meta name=\"twitter:data1\" content=\"5 minutes\" \/>\n<script type=\"application\/ld+json\" class=\"yoast-schema-graph\">{\"@context\":\"https:\/\/schema.org\",\"@graph\":[{\"@type\":\"WebPage\",\"@id\":\"https:\/\/tortugas-cayolargo.com\/en\/proteccion-tortugas-marinas-anidacion-cayo-largo\/agradecimientos\",\"url\":\"https:\/\/tortugas-cayolargo.com\/en\/proteccion-tortugas-marinas-anidacion-cayo-largo\/agradecimientos\",\"name\":\"Agradecimientos - Tortugas Cayo Largo\",\"isPartOf\":{\"@id\":\"https:\/\/tortugas-cayolargo.com\/#website\"},\"datePublished\":\"2019-06-03T08:52:15+00:00\",\"dateModified\":\"2019-09-01T18:36:01+00:00\",\"description\":\"gracias a todas las personas que han apoyado el trabajo que se realiza a favor de las tortugas marinas en tortugas cayo largo.\",\"breadcrumb\":{\"@id\":\"https:\/\/tortugas-cayolargo.com\/en\/proteccion-tortugas-marinas-anidacion-cayo-largo\/agradecimientos#breadcrumb\"},\"inLanguage\":\"en-US\",\"potentialAction\":[{\"@type\":\"ReadAction\",\"target\":[\"https:\/\/tortugas-cayolargo.com\/en\/proteccion-tortugas-marinas-anidacion-cayo-largo\/agradecimientos\"]}]},{\"@type\":\"BreadcrumbList\",\"@id\":\"https:\/\/tortugas-cayolargo.com\/en\/proteccion-tortugas-marinas-anidacion-cayo-largo\/agradecimientos#breadcrumb\",\"itemListElement\":[{\"@type\":\"ListItem\",\"position\":1,\"name\":\"Startseite\",\"item\":\"https:\/\/tortugas-cayolargo.com\/\"},{\"@type\":\"ListItem\",\"position\":2,\"name\":\"Contacto\",\"item\":\"https:\/\/tortugas-cayolargo.com\/en\/proteccion-tortugas-marinas-anidacion-cayo-largo\"},{\"@type\":\"ListItem\",\"position\":3,\"name\":\"Agradecimientos\"}]},{\"@type\":\"WebSite\",\"@id\":\"https:\/\/tortugas-cayolargo.com\/#website\",\"url\":\"https:\/\/tortugas-cayolargo.com\/\",\"name\":\"Tortugas Cayo Largo\",\"description\":\"Protecci\u00f3n de las tortugas marinas\",\"publisher\":{\"@id\":\"https:\/\/tortugas-cayolargo.com\/#organization\"},\"potentialAction\":[{\"@type\":\"SearchAction\",\"target\":{\"@type\":\"EntryPoint\",\"urlTemplate\":\"https:\/\/tortugas-cayolargo.com\/?s={search_term_string}\"},\"query-input\":\"required name=search_term_string\"}],\"inLanguage\":\"en-US\"},{\"@type\":\"Organization\",\"@id\":\"https:\/\/tortugas-cayolargo.com\/#organization\",\"name\":\"Tortugas Cayo Largo\",\"url\":\"https:\/\/tortugas-cayolargo.com\/\",\"logo\":{\"@type\":\"ImageObject\",\"inLanguage\":\"en-US\",\"@id\":\"https:\/\/tortugas-cayolargo.com\/#\/schema\/logo\/image\/\",\"url\":\"https:\/\/tortugas-cayolargo.com\/wp-content\/uploads\/2019\/08\/logo_ready.png\",\"contentUrl\":\"https:\/\/tortugas-cayolargo.com\/wp-content\/uploads\/2019\/08\/logo_ready.png\",\"width\":500,\"height\":505,\"caption\":\"Tortugas Cayo Largo\"},\"image\":{\"@id\":\"https:\/\/tortugas-cayolargo.com\/#\/schema\/logo\/image\/\"}}]}<\/script>\n<!-- \/ Yoast SEO plugin. -->","yoast_head_json":{"title":"Agradecimientos - Tortugas Cayo Largo","description":"gracias a todas las personas que han apoyado el trabajo que se realiza a favor de las tortugas marinas en tortugas cayo largo.","robots":{"index":"index","follow":"follow","max-snippet":"max-snippet:-1","max-image-preview":"max-image-preview:large","max-video-preview":"max-video-preview:-1"},"canonical":"https:\/\/tortugas-cayolargo.com\/en\/proteccion-tortugas-marinas-anidacion-cayo-largo\/agradecimientos","og_locale":"en_US","og_type":"article","og_title":"Agradecimientos - Tortugas Cayo Largo","og_description":"gracias a todas las personas que han apoyado el trabajo que se realiza a favor de las tortugas marinas en tortugas cayo largo.","og_url":"https:\/\/tortugas-cayolargo.com\/en\/proteccion-tortugas-marinas-anidacion-cayo-largo\/agradecimientos","og_site_name":"Tortugas Cayo Largo","article_modified_time":"2019-09-01T18:36:01+00:00","twitter_card":"summary_large_image","twitter_misc":{"Est. reading time":"5 minutes"},"schema":{"@context":"https:\/\/schema.org","@graph":[{"@type":"WebPage","@id":"https:\/\/tortugas-cayolargo.com\/en\/proteccion-tortugas-marinas-anidacion-cayo-largo\/agradecimientos","url":"https:\/\/tortugas-cayolargo.com\/en\/proteccion-tortugas-marinas-anidacion-cayo-largo\/agradecimientos","name":"Agradecimientos - Tortugas Cayo Largo","isPartOf":{"@id":"https:\/\/tortugas-cayolargo.com\/#website"},"datePublished":"2019-06-03T08:52:15+00:00","dateModified":"2019-09-01T18:36:01+00:00","description":"gracias a todas las personas que han apoyado el trabajo que se realiza a favor de las tortugas marinas en tortugas cayo largo.","breadcrumb":{"@id":"https:\/\/tortugas-cayolargo.com\/en\/proteccion-tortugas-marinas-anidacion-cayo-largo\/agradecimientos#breadcrumb"},"inLanguage":"en-US","potentialAction":[{"@type":"ReadAction","target":["https:\/\/tortugas-cayolargo.com\/en\/proteccion-tortugas-marinas-anidacion-cayo-largo\/agradecimientos"]}]},{"@type":"BreadcrumbList","@id":"https:\/\/tortugas-cayolargo.com\/en\/proteccion-tortugas-marinas-anidacion-cayo-largo\/agradecimientos#breadcrumb","itemListElement":[{"@type":"ListItem","position":1,"name":"Startseite","item":"https:\/\/tortugas-cayolargo.com\/"},{"@type":"ListItem","position":2,"name":"Contacto","item":"https:\/\/tortugas-cayolargo.com\/en\/proteccion-tortugas-marinas-anidacion-cayo-largo"},{"@type":"ListItem","position":3,"name":"Agradecimientos"}]},{"@type":"WebSite","@id":"https:\/\/tortugas-cayolargo.com\/#website","url":"https:\/\/tortugas-cayolargo.com\/","name":"Tortugas Cayo Largo","description":"Protecci\u00f3n de las tortugas marinas","publisher":{"@id":"https:\/\/tortugas-cayolargo.com\/#organization"},"potentialAction":[{"@type":"SearchAction","target":{"@type":"EntryPoint","urlTemplate":"https:\/\/tortugas-cayolargo.com\/?s={search_term_string}"},"query-input":"required name=search_term_string"}],"inLanguage":"en-US"},{"@type":"Organization","@id":"https:\/\/tortugas-cayolargo.com\/#organization","name":"Tortugas Cayo Largo","url":"https:\/\/tortugas-cayolargo.com\/","logo":{"@type":"ImageObject","inLanguage":"en-US","@id":"https:\/\/tortugas-cayolargo.com\/#\/schema\/logo\/image\/","url":"https:\/\/tortugas-cayolargo.com\/wp-content\/uploads\/2019\/08\/logo_ready.png","contentUrl":"https:\/\/tortugas-cayolargo.com\/wp-content\/uploads\/2019\/08\/logo_ready.png","width":500,"height":505,"caption":"Tortugas Cayo Largo"},"image":{"@id":"https:\/\/tortugas-cayolargo.com\/#\/schema\/logo\/image\/"}}]}},"_links":{"self":[{"href":"https:\/\/tortugas-cayolargo.com\/en\/wp-json\/wp\/v2\/pages\/33"}],"collection":[{"href":"https:\/\/tortugas-cayolargo.com\/en\/wp-json\/wp\/v2\/pages"}],"about":[{"href":"https:\/\/tortugas-cayolargo.com\/en\/wp-json\/wp\/v2\/types\/page"}],"author":[{"embeddable":true,"href":"https:\/\/tortugas-cayolargo.com\/en\/wp-json\/wp\/v2\/users\/1"}],"replies":[{"embeddable":true,"href":"https:\/\/tortugas-cayolargo.com\/en\/wp-json\/wp\/v2\/comments?post=33"}],"version-history":[{"count":10,"href":"https:\/\/tortugas-cayolargo.com\/en\/wp-json\/wp\/v2\/pages\/33\/revisions"}],"predecessor-version":[{"id":1641,"href":"https:\/\/tortugas-cayolargo.com\/en\/wp-json\/wp\/v2\/pages\/33\/revisions\/1641"}],"up":[{"embeddable":true,"href":"https:\/\/tortugas-cayolargo.com\/en\/wp-json\/wp\/v2\/pages\/27"}],"wp:attachment":[{"href":"https:\/\/tortugas-cayolargo.com\/en\/wp-json\/wp\/v2\/media?parent=33"}],"curies":[{"name":"wp","href":"https:\/\/api.w.org\/{rel}","templated":true}]}}